{"id":1495,"date":"2018-12-14T07:20:48","date_gmt":"2018-12-14T07:20:48","guid":{"rendered":"https:\/\/evaristolima.pt\/empresa-2\/"},"modified":"2023-05-30T16:02:11","modified_gmt":"2023-05-30T16:02:11","slug":"a-propos-de-nous","status":"publish","type":"page","link":"https:\/\/evaristolima.pt\/fr\/a-propos-de-nous\/","title":{"rendered":"\u00c0 propos de nous"},"content":{"rendered":"[vc_row][vc_column offset=&#8221;vc_col-md-6&#8243; el_class=&#8221;site-sobre-nos-img-column&#8221;][wgl_image_layers values=&#8221;%5B%7B%22thumbnail%22%3A%222102%22%2C%22image_animation%22%3A%22slide_up%22%2C%22image_order%22%3A%221%22%7D%5D&#8221;][\/vc_column][vc_column offset=&#8221;vc_col-lg-offset-1 vc_col-lg-5 vc_col-md-6&#8243;][wgl_spacing spacer_size=&#8221;38&#8243;][wgl_double_headings title_color=&#8221;#313131&#8243; subtitle_color=&#8221;#2aabe2&#8243; title=&#8221;Evaristo Lima&#8221; subtitle=&#8221;Empresa&#8221;][wgl_spacing spacer_size=&#8221;22&#8243;][wgl_custom_text font_size=&#8221;18&#8243;]Evaristo Lima &#8211; Materiais de Constru\u00e7\u00e3o, Lda est une soci\u00e9t\u00e9 par quotas \u00e0 caract\u00e8re familial qui op\u00e8re dans le secteur des mat\u00e9riaux de construction depuis 1951, et a son si\u00e8ge dans la ville de Ribeira Grande, sur l\u2019\u00eele de S\u00e3o Miguel &#8211; A\u00e7ores. La soci\u00e9t\u00e9 dispose d\u2019une \u00e9quipe de professionnels qualifi\u00e9s et exp\u00e9riment\u00e9s qui offrent aux clients des solutions et des produits de qualit\u00e9 pour les \u0153uvres de tous types et de toutes tailles.[\/wgl_custom_text][wgl_spacing spacer_size=&#8221;18&#8243;][wgl_spacing spacer_size=&#8221;30px&#8221;][\/vc_column][\/vc_row][vc_row][vc_column][wgl_spacing spacer_size=&#8221;60px&#8221;][wgl_custom_text font_size=&#8221;18&#8243;]Avec une trajectoire de plus de 70 ans, Evaristo Lima s\u2019est impos\u00e9 comme une r\u00e9f\u00e9rence sur le march\u00e9 des mat\u00e9riaux de construction, se d\u00e9marquant par la vari\u00e9t\u00e9 des produits, des prix comp\u00e9titifs et un excellent service. La soci\u00e9t\u00e9 dispose d\u2019un vaste catalogue de mat\u00e9riaux de construction, des plus \u00e9l\u00e9mentaires tels que les blocs, les ciments et les mortiers, aux plus sophistiqu\u00e9s tels que les rev\u00eatements et les articles sanitaires.<\/p>\n<p>En outre, Evaristo Lima s\u2019engage \u00e0 offrir des produits de qualit\u00e9 et durables, agissant de mani\u00e8re responsable avec l\u2019environnement et la soci\u00e9t\u00e9. La soci\u00e9t\u00e9 adopte des pratiques de gestion durable telles que la r\u00e9utilisation des d\u00e9chets et la r\u00e9duction de la consommation d\u2019eau et d\u2019\u00e9nergie.[\/wgl_custom_text][wgl_spacing spacer_size=&#8221;60&#8243;][vc_column_text]Avec une structure moderne et efficace, Evaristo Lima cherche \u00e0 offrir aux clients les meilleures solutions en mat\u00e9riaux de construction. La soci\u00e9t\u00e9 poss\u00e8de un vaste r\u00e9seau de distribution, avec trois magasins sur l\u2019\u00eele de S\u00e3o Miguel (Ribeira Grande, Ponta Delgada et Capelas) et est d\u00e9sormais disponible pour les clients \u00e0 travers le pays, via sa boutique en ligne.<\/p>\n<p>En r\u00e9sum\u00e9, Evaristo Lima est une entreprise qui se distingue sur le march\u00e9 des mat\u00e9riaux de construction par son exp\u00e9rience, la qualit\u00e9 des produits, les prix comp\u00e9titifs, l\u2019engagement envers la durabilit\u00e9 et l\u2019excellence du service client. Que vous planifiez un chantier ou une r\u00e9novation, Evaristo Lima est le bon choix pour assurer le succ\u00e8s de votre projet.[\/vc_column_text][\/vc_column][\/vc_row][vc_row][vc_column][wgl_spacing spacer_size=&#8221;90&#8243;][\/vc_column][\/vc_row]\n","protected":false},"excerpt":{"rendered":"<p>[vc_row][vc_column offset=&#8221;vc_col-md-6&#8243; el_class=&#8221;site-sobre-nos-img-column&#8221;][wgl_image_layers values=&#8221;%5B%7B%22thumbnail%22%3A%222102%22%2C%22image_animation%22%3A%22slide_up%22%2C%22image_order%22%3A%221%22%7D%5D&#8221;][\/vc_column][vc_column offset=&#8221;vc_col-lg-offset-1 vc_col-lg-5 vc_col-md-6&#8243;][wgl_spacing spacer_size=&#8221;38&#8243;][wgl_double_headings title_color=&#8221;#313131&#8243; subtitle_color=&#8221;#2aabe2&#8243; title=&#8221;Evaristo Lima&#8221; subtitle=&#8221;Empresa&#8221;][wgl_spacing spacer_size=&#8221;22&#8243;][wgl_custom_text font_size=&#8221;18&#8243;]Evaristo Lima &#8211; Materiais de Constru\u00e7\u00e3o, Lda est une soci\u00e9t\u00e9 par quotas \u00e0 caract\u00e8re familial qui op\u00e8re dans le secteur des mat\u00e9riaux de construction depuis 1951, et a son si\u00e8ge dans la ville de Ribeira Grande, sur l\u2019\u00eele de S\u00e3o Miguel [&hellip;]<\/p>\n","protected":false},"author":1,"featured_media":2104,"parent":0,"menu_order":0,"comment_status":"closed","ping_status":"closed","template":"","meta":{"footnotes":""},"class_list":["post-1495","page","type-page","status-publish","has-post-thumbnail","hentry"],"acf":[],"yoast_head":"<!-- This site is optimized with the Yoast SEO plugin v20.0 - https:\/\/yoast.com\/wordpress\/plugins\/seo\/ -->\n<title>Evaristo Lima - Mat\u00e9riaux de construction aux A\u00e7ores<\/title>\n<meta name=\"description\" content=\"Evaristo Lima se distingue sur le march\u00e9 de construction par des mat\u00e9riaux de construction \u00e9cologique de qualit\u00e9 et plus encore.\" \/>\n<meta name=\"robots\" content=\"index, follow, max-snippet:-1, max-image-preview:large, max-video-preview:-1\" \/>\n<link rel=\"canonical\" href=\"https:\/\/evaristolima.pt\/fr\/a-propos-de-nous\/\" \/>\n<meta property=\"og:locale\" content=\"fr_FR\" \/>\n<meta property=\"og:type\" content=\"article\" \/>\n<meta property=\"og:title\" content=\"Evaristo Lima - Mat\u00e9riaux de construction aux A\u00e7ores\" \/>\n<meta property=\"og:description\" content=\"Evaristo Lima se distingue sur le march\u00e9 de construction par des mat\u00e9riaux de construction \u00e9cologique de qualit\u00e9 et plus encore.\" \/>\n<meta property=\"og:url\" content=\"https:\/\/evaristolima.pt\/fr\/a-propos-de-nous\/\" \/>\n<meta property=\"og:site_name\" content=\"Evaristo Lima - Mat\u00e9riaux de construction aux A\u00e7ores\" \/>\n<meta property=\"article:modified_time\" content=\"2023-05-30T16:02:11+00:00\" \/>\n<meta property=\"og:image\" content=\"https:\/\/evaristolima.pt\/wp-content\/uploads\/2023\/03\/tiler-working-renovation-apartment-scaled.jpg\" \/>\n\t<meta property=\"og:image:width\" content=\"2560\" \/>\n\t<meta property=\"og:image:height\" content=\"1707\" \/>\n\t<meta property=\"og:image:type\" content=\"image\/jpeg\" \/>\n<meta name=\"twitter:card\" content=\"summary_large_image\" \/>\n<meta name=\"twitter:label1\" content=\"Dur\u00e9e de lecture estim\u00e9e\" \/>\n\t<meta name=\"twitter:data1\" content=\"2 minutes\" \/>\n<script type=\"application\/ld+json\" class=\"yoast-schema-graph\">{\"@context\":\"https:\/\/schema.org\",\"@graph\":[{\"@type\":\"WebPage\",\"@id\":\"https:\/\/evaristolima.pt\/fr\/a-propos-de-nous\/\",\"url\":\"https:\/\/evaristolima.pt\/fr\/a-propos-de-nous\/\",\"name\":\"Evaristo Lima - Mat\u00e9riaux de construction aux A\u00e7ores\",\"isPartOf\":{\"@id\":\"https:\/\/evaristolima.pt\/#website\"},\"datePublished\":\"2018-12-14T07:20:48+00:00\",\"dateModified\":\"2023-05-30T16:02:11+00:00\",\"description\":\"Evaristo Lima se distingue sur le march\u00e9 de construction par des mat\u00e9riaux de construction \u00e9cologique de qualit\u00e9 et plus encore.\",\"breadcrumb\":{\"@id\":\"https:\/\/evaristolima.pt\/fr\/a-propos-de-nous\/#breadcrumb\"},\"inLanguage\":\"fr-FR\",\"potentialAction\":[{\"@type\":\"ReadAction\",\"target\":[\"https:\/\/evaristolima.pt\/fr\/a-propos-de-nous\/\"]}]},{\"@type\":\"BreadcrumbList\",\"@id\":\"https:\/\/evaristolima.pt\/fr\/a-propos-de-nous\/#breadcrumb\",\"itemListElement\":[{\"@type\":\"ListItem\",\"position\":1,\"name\":\"Home\",\"item\":\"https:\/\/evaristolima.pt\/fr\/\"},{\"@type\":\"ListItem\",\"position\":2,\"name\":\"\u00c0 propos de nous\"}]},{\"@type\":\"WebSite\",\"@id\":\"https:\/\/evaristolima.pt\/#website\",\"url\":\"https:\/\/evaristolima.pt\/\",\"name\":\"Evaristo Lima - Mat\u00e9riaux de construction aux A\u00e7ores\",\"description\":\"\",\"potentialAction\":[{\"@type\":\"SearchAction\",\"target\":{\"@type\":\"EntryPoint\",\"urlTemplate\":\"https:\/\/evaristolima.pt\/?s={search_term_string}\"},\"query-input\":\"required name=search_term_string\"}],\"inLanguage\":\"fr-FR\"}]}<\/script>\n<!-- \/ Yoast SEO plugin. -->","yoast_head_json":{"title":"Evaristo Lima - Mat\u00e9riaux de construction aux A\u00e7ores","description":"Evaristo Lima se distingue sur le march\u00e9 de construction par des mat\u00e9riaux de construction \u00e9cologique de qualit\u00e9 et plus encore.","robots":{"index":"index","follow":"follow","max-snippet":"max-snippet:-1","max-image-preview":"max-image-preview:large","max-video-preview":"max-video-preview:-1"},"canonical":"https:\/\/evaristolima.pt\/fr\/a-propos-de-nous\/","og_locale":"fr_FR","og_type":"article","og_title":"Evaristo Lima - Mat\u00e9riaux de construction aux A\u00e7ores","og_description":"Evaristo Lima se distingue sur le march\u00e9 de construction par des mat\u00e9riaux de construction \u00e9cologique de qualit\u00e9 et plus encore.","og_url":"https:\/\/evaristolima.pt\/fr\/a-propos-de-nous\/","og_site_name":"Evaristo Lima - Mat\u00e9riaux de construction aux A\u00e7ores","article_modified_time":"2023-05-30T16:02:11+00:00","og_image":[{"width":2560,"height":1707,"url":"https:\/\/evaristolima.pt\/wp-content\/uploads\/2023\/03\/tiler-working-renovation-apartment-scaled.jpg","type":"image\/jpeg"}],"twitter_card":"summary_large_image","twitter_misc":{"Dur\u00e9e de lecture estim\u00e9e":"2 minutes"},"schema":{"@context":"https:\/\/schema.org","@graph":[{"@type":"WebPage","@id":"https:\/\/evaristolima.pt\/fr\/a-propos-de-nous\/","url":"https:\/\/evaristolima.pt\/fr\/a-propos-de-nous\/","name":"Evaristo Lima - Mat\u00e9riaux de construction aux A\u00e7ores","isPartOf":{"@id":"https:\/\/evaristolima.pt\/#website"},"datePublished":"2018-12-14T07:20:48+00:00","dateModified":"2023-05-30T16:02:11+00:00","description":"Evaristo Lima se distingue sur le march\u00e9 de construction par des mat\u00e9riaux de construction \u00e9cologique de qualit\u00e9 et plus encore.","breadcrumb":{"@id":"https:\/\/evaristolima.pt\/fr\/a-propos-de-nous\/#breadcrumb"},"inLanguage":"fr-FR","potentialAction":[{"@type":"ReadAction","target":["https:\/\/evaristolima.pt\/fr\/a-propos-de-nous\/"]}]},{"@type":"BreadcrumbList","@id":"https:\/\/evaristolima.pt\/fr\/a-propos-de-nous\/#breadcrumb","itemListElement":[{"@type":"ListItem","position":1,"name":"Home","item":"https:\/\/evaristolima.pt\/fr\/"},{"@type":"ListItem","position":2,"name":"\u00c0 propos de nous"}]},{"@type":"WebSite","@id":"https:\/\/evaristolima.pt\/#website","url":"https:\/\/evaristolima.pt\/","name":"Evaristo Lima - Mat\u00e9riaux de construction aux A\u00e7ores","description":"","potentialAction":[{"@type":"SearchAction","target":{"@type":"EntryPoint","urlTemplate":"https:\/\/evaristolima.pt\/?s={search_term_string}"},"query-input":"required name=search_term_string"}],"inLanguage":"fr-FR"}]}},"_links":{"self":[{"href":"https:\/\/evaristolima.pt\/fr\/wp-json\/wp\/v2\/pages\/1495","targetHints":{"allow":["GET"]}}],"collection":[{"href":"https:\/\/evaristolima.pt\/fr\/wp-json\/wp\/v2\/pages"}],"about":[{"href":"https:\/\/evaristolima.pt\/fr\/wp-json\/wp\/v2\/types\/page"}],"author":[{"embeddable":true,"href":"https:\/\/evaristolima.pt\/fr\/wp-json\/wp\/v2\/users\/1"}],"replies":[{"embeddable":true,"href":"https:\/\/evaristolima.pt\/fr\/wp-json\/wp\/v2\/comments?post=1495"}],"version-history":[{"count":15,"href":"https:\/\/evaristolima.pt\/fr\/wp-json\/wp\/v2\/pages\/1495\/revisions"}],"predecessor-version":[{"id":3068,"href":"https:\/\/evaristolima.pt\/fr\/wp-json\/wp\/v2\/pages\/1495\/revisions\/3068"}],"wp:featuredmedia":[{"embeddable":true,"href":"https:\/\/evaristolima.pt\/fr\/wp-json\/wp\/v2\/media\/2104"}],"wp:attachment":[{"href":"https:\/\/evaristolima.pt\/fr\/wp-json\/wp\/v2\/media?parent=1495"}],"curies":[{"name":"wp","href":"https:\/\/api.w.org\/{rel}","templated":true}]}}