{"id":1199,"date":"2018-12-12T12:46:24","date_gmt":"2018-12-12T12:46:24","guid":{"rendered":"https:\/\/evaristolima.pt\/blog\/"},"modified":"2023-05-30T17:17:33","modified_gmt":"2023-05-30T17:17:33","slug":"blog-materiaux-de-construction-en-ligne","status":"publish","type":"page","link":"https:\/\/evaristolima.pt\/fr\/blog-materiaux-de-construction-en-ligne\/","title":{"rendered":"Blog"},"content":{"rendered":"[vc_row][vc_column][wgl_blog_posts_standard blog_navigation=&#8221;pagination&#8221; read_more_text=&#8221;En savoir plus&#8221; heading_margin_bottom=&#8221;7px&#8221; number_of_posts=&#8221;4&#8243; order_by=&#8221;date&#8221; order=&#8221;DESC&#8221; hide_postmeta=&#8221;true&#8221;][wgl_spacing spacer_size=&#8221;50px&#8221;][\/vc_column][\/vc_row]\n","protected":false},"excerpt":{"rendered":"<p>[vc_row][vc_column][wgl_blog_posts_standard blog_navigation=&#8221;pagination&#8221; read_more_text=&#8221;En savoir plus&#8221; heading_margin_bottom=&#8221;7px&#8221; number_of_posts=&#8221;4&#8243; order_by=&#8221;date&#8221; order=&#8221;DESC&#8221; hide_postmeta=&#8221;true&#8221;][wgl_spacing spacer_size=&#8221;50px&#8221;][\/vc_column][\/vc_row]<\/p>\n","protected":false},"author":1,"featured_media":2079,"parent":0,"menu_order":0,"comment_status":"closed","ping_status":"closed","template":"","meta":{"footnotes":""},"class_list":["post-1199","page","type-page","status-publish","has-post-thumbnail","hentry"],"acf":[],"yoast_head":"<!-- This site is optimized with the Yoast SEO plugin v20.0 - https:\/\/yoast.com\/wordpress\/plugins\/seo\/ -->\n<title>Tour sur les Meilleurs Mat\u00e9riaux de Construction en Ligne<\/title>\n<meta name=\"description\" content=\"Si vous \u00eates \u00e0 la recherche des meilleurs mat\u00e9riaux de construction en ligne, chez Evaristo Lima, nous avons tout ce dont vous avez besoin!\" \/>\n<meta name=\"robots\" content=\"index, follow, max-snippet:-1, max-image-preview:large, max-video-preview:-1\" \/>\n<link rel=\"canonical\" href=\"https:\/\/evaristolima.pt\/blog-materiais-de-construcao-perto-de-mim\/\" \/>\n<meta property=\"og:locale\" content=\"fr_FR\" \/>\n<meta property=\"og:type\" content=\"article\" \/>\n<meta property=\"og:title\" content=\"Tour sur les Meilleurs Mat\u00e9riaux de Construction en Ligne\" \/>\n<meta property=\"og:description\" content=\"Si vous \u00eates \u00e0 la recherche des meilleurs mat\u00e9riaux de construction en ligne, chez Evaristo Lima, nous avons tout ce dont vous avez besoin!\" \/>\n<meta property=\"og:url\" content=\"https:\/\/evaristolima.pt\/blog-materiais-de-construcao-perto-de-mim\/\" \/>\n<meta property=\"og:site_name\" content=\"Evaristo Lima - Mat\u00e9riaux de construction aux A\u00e7ores\" \/>\n<meta property=\"article:modified_time\" content=\"2023-05-30T17:17:33+00:00\" \/>\n<meta property=\"og:image\" content=\"https:\/\/evaristolima.pt\/wp-content\/uploads\/2023\/03\/construction-worker-scaled.jpg\" \/>\n\t<meta property=\"og:image:width\" content=\"2560\" \/>\n\t<meta property=\"og:image:height\" content=\"1707\" \/>\n\t<meta property=\"og:image:type\" content=\"image\/jpeg\" \/>\n<meta name=\"twitter:card\" content=\"summary_large_image\" \/>\n<meta name=\"twitter:label1\" content=\"Dur\u00e9e de lecture estim\u00e9e\" \/>\n\t<meta name=\"twitter:data1\" content=\"1 minute\" \/>\n<script type=\"application\/ld+json\" class=\"yoast-schema-graph\">{\"@context\":\"https:\/\/schema.org\",\"@graph\":[{\"@type\":\"WebPage\",\"@id\":\"https:\/\/evaristolima.pt\/blog-materiais-de-construcao-perto-de-mim\/\",\"url\":\"https:\/\/evaristolima.pt\/blog-materiais-de-construcao-perto-de-mim\/\",\"name\":\"Tour sur les Meilleurs Mat\u00e9riaux de Construction en Ligne\",\"isPartOf\":{\"@id\":\"https:\/\/evaristolima.pt\/#website\"},\"datePublished\":\"2018-12-12T12:46:24+00:00\",\"dateModified\":\"2023-05-30T17:17:33+00:00\",\"description\":\"Si vous \u00eates \u00e0 la recherche des meilleurs mat\u00e9riaux de construction en ligne, chez Evaristo Lima, nous avons tout ce dont vous avez besoin!\",\"breadcrumb\":{\"@id\":\"https:\/\/evaristolima.pt\/blog-materiais-de-construcao-perto-de-mim\/#breadcrumb\"},\"inLanguage\":\"fr-FR\",\"potentialAction\":[{\"@type\":\"ReadAction\",\"target\":[\"https:\/\/evaristolima.pt\/blog-materiais-de-construcao-perto-de-mim\/\"]}]},{\"@type\":\"BreadcrumbList\",\"@id\":\"https:\/\/evaristolima.pt\/blog-materiais-de-construcao-perto-de-mim\/#breadcrumb\",\"itemListElement\":[{\"@type\":\"ListItem\",\"position\":1,\"name\":\"Home\",\"item\":\"https:\/\/evaristolima.pt\/fr\/\"},{\"@type\":\"ListItem\",\"position\":2,\"name\":\"Blog\"}]},{\"@type\":\"WebSite\",\"@id\":\"https:\/\/evaristolima.pt\/#website\",\"url\":\"https:\/\/evaristolima.pt\/\",\"name\":\"Evaristo Lima - Mat\u00e9riaux de construction aux A\u00e7ores\",\"description\":\"\",\"potentialAction\":[{\"@type\":\"SearchAction\",\"target\":{\"@type\":\"EntryPoint\",\"urlTemplate\":\"https:\/\/evaristolima.pt\/?s={search_term_string}\"},\"query-input\":\"required name=search_term_string\"}],\"inLanguage\":\"fr-FR\"}]}<\/script>\n<!-- \/ Yoast SEO plugin. -->","yoast_head_json":{"title":"Tour sur les Meilleurs Mat\u00e9riaux de Construction en Ligne","description":"Si vous \u00eates \u00e0 la recherche des meilleurs mat\u00e9riaux de construction en ligne, chez Evaristo Lima, nous avons tout ce dont vous avez besoin!","robots":{"index":"index","follow":"follow","max-snippet":"max-snippet:-1","max-image-preview":"max-image-preview:large","max-video-preview":"max-video-preview:-1"},"canonical":"https:\/\/evaristolima.pt\/blog-materiais-de-construcao-perto-de-mim\/","og_locale":"fr_FR","og_type":"article","og_title":"Tour sur les Meilleurs Mat\u00e9riaux de Construction en Ligne","og_description":"Si vous \u00eates \u00e0 la recherche des meilleurs mat\u00e9riaux de construction en ligne, chez Evaristo Lima, nous avons tout ce dont vous avez besoin!","og_url":"https:\/\/evaristolima.pt\/blog-materiais-de-construcao-perto-de-mim\/","og_site_name":"Evaristo Lima - Mat\u00e9riaux de construction aux A\u00e7ores","article_modified_time":"2023-05-30T17:17:33+00:00","og_image":[{"width":2560,"height":1707,"url":"https:\/\/evaristolima.pt\/wp-content\/uploads\/2023\/03\/construction-worker-scaled.jpg","type":"image\/jpeg"}],"twitter_card":"summary_large_image","twitter_misc":{"Dur\u00e9e de lecture estim\u00e9e":"1 minute"},"schema":{"@context":"https:\/\/schema.org","@graph":[{"@type":"WebPage","@id":"https:\/\/evaristolima.pt\/blog-materiais-de-construcao-perto-de-mim\/","url":"https:\/\/evaristolima.pt\/blog-materiais-de-construcao-perto-de-mim\/","name":"Tour sur les Meilleurs Mat\u00e9riaux de Construction en Ligne","isPartOf":{"@id":"https:\/\/evaristolima.pt\/#website"},"datePublished":"2018-12-12T12:46:24+00:00","dateModified":"2023-05-30T17:17:33+00:00","description":"Si vous \u00eates \u00e0 la recherche des meilleurs mat\u00e9riaux de construction en ligne, chez Evaristo Lima, nous avons tout ce dont vous avez besoin!","breadcrumb":{"@id":"https:\/\/evaristolima.pt\/blog-materiais-de-construcao-perto-de-mim\/#breadcrumb"},"inLanguage":"fr-FR","potentialAction":[{"@type":"ReadAction","target":["https:\/\/evaristolima.pt\/blog-materiais-de-construcao-perto-de-mim\/"]}]},{"@type":"BreadcrumbList","@id":"https:\/\/evaristolima.pt\/blog-materiais-de-construcao-perto-de-mim\/#breadcrumb","itemListElement":[{"@type":"ListItem","position":1,"name":"Home","item":"https:\/\/evaristolima.pt\/fr\/"},{"@type":"ListItem","position":2,"name":"Blog"}]},{"@type":"WebSite","@id":"https:\/\/evaristolima.pt\/#website","url":"https:\/\/evaristolima.pt\/","name":"Evaristo Lima - Mat\u00e9riaux de construction aux A\u00e7ores","description":"","potentialAction":[{"@type":"SearchAction","target":{"@type":"EntryPoint","urlTemplate":"https:\/\/evaristolima.pt\/?s={search_term_string}"},"query-input":"required name=search_term_string"}],"inLanguage":"fr-FR"}]}},"_links":{"self":[{"href":"https:\/\/evaristolima.pt\/fr\/wp-json\/wp\/v2\/pages\/1199","targetHints":{"allow":["GET"]}}],"collection":[{"href":"https:\/\/evaristolima.pt\/fr\/wp-json\/wp\/v2\/pages"}],"about":[{"href":"https:\/\/evaristolima.pt\/fr\/wp-json\/wp\/v2\/types\/page"}],"author":[{"embeddable":true,"href":"https:\/\/evaristolima.pt\/fr\/wp-json\/wp\/v2\/users\/1"}],"replies":[{"embeddable":true,"href":"https:\/\/evaristolima.pt\/fr\/wp-json\/wp\/v2\/comments?post=1199"}],"version-history":[{"count":7,"href":"https:\/\/evaristolima.pt\/fr\/wp-json\/wp\/v2\/pages\/1199\/revisions"}],"predecessor-version":[{"id":3284,"href":"https:\/\/evaristolima.pt\/fr\/wp-json\/wp\/v2\/pages\/1199\/revisions\/3284"}],"wp:featuredmedia":[{"embeddable":true,"href":"https:\/\/evaristolima.pt\/fr\/wp-json\/wp\/v2\/media\/2079"}],"wp:attachment":[{"href":"https:\/\/evaristolima.pt\/fr\/wp-json\/wp\/v2\/media?parent=1199"}],"curies":[{"name":"wp","href":"https:\/\/api.w.org\/{rel}","templated":true}]}}