{"id":1497,"date":"2018-12-14T07:20:48","date_gmt":"2018-12-14T07:20:48","guid":{"rendered":"https:\/\/evaristolima.pt\/empresa-2\/"},"modified":"2023-05-30T16:08:35","modified_gmt":"2023-05-30T16:08:35","slug":"sobre-nosotros","status":"publish","type":"page","link":"https:\/\/evaristolima.pt\/es\/sobre-nosotros\/","title":{"rendered":"Sobre Nosotros"},"content":{"rendered":"[vc_row][vc_column offset=&#8221;vc_col-md-6&#8243; el_class=&#8221;site-sobre-nos-img-column&#8221;][wgl_image_layers values=&#8221;%5B%7B%22thumbnail%22%3A%222102%22%2C%22image_animation%22%3A%22slide_up%22%2C%22image_order%22%3A%221%22%7D%5D&#8221;][\/vc_column][vc_column offset=&#8221;vc_col-lg-offset-1 vc_col-lg-5 vc_col-md-6&#8243;][wgl_spacing spacer_size=&#8221;38&#8243;][wgl_double_headings title_color=&#8221;#313131&#8243; subtitle_color=&#8221;#2aabe2&#8243; title=&#8221;Evaristo Lima&#8221; subtitle=&#8221;Empresa&#8221;][wgl_spacing spacer_size=&#8221;22&#8243;][wgl_custom_text font_size=&#8221;18&#8243;]Evaristo Lima &#8211; Materiais de Constru\u00e7\u00e3o, Lda es una sociedad por cuotas con car\u00e1cter familiar que act\u00faa en el ramo de los materiales de construcci\u00f3n desde 1951, y tiene sede en la ciudad de Ribeira Grande, en la isla de S\u00e3o Miguel &#8211; Azores. La empresa cuenta con un equipo de profesionales capacitados y experimentados que ofrecen a los clientes soluciones y productos de calidad para obras de todos los tipos y tama\u00f1os.[\/wgl_custom_text][wgl_spacing spacer_size=&#8221;18&#8243;][wgl_spacing spacer_size=&#8221;30px&#8221;][\/vc_column][\/vc_row][vc_row][vc_column][wgl_spacing spacer_size=&#8221;60px&#8221;][wgl_custom_text font_size=&#8221;18&#8243;]Con una trayectoria de m\u00e1s de 70 a\u00f1os, Evaristo Lima se consolid\u00f3 como referencia en el mercado de materiales de construcci\u00f3n, destac\u00e1ndose por la variedad de productos, precios competitivos y excelente atenci\u00f3n. La empresa cuenta con un amplio cat\u00e1logo de materiales de construcci\u00f3n, desde los m\u00e1s b\u00e1sicos, como bloques, cementos y morteros, hasta los m\u00e1s sofisticados, como revestimientos y vajillas sanitarias.<\/p>\n<p>Adem\u00e1s, Evaristo Lima est\u00e1 comprometida en ofrecer productos de calidad y sostenibles, actuando de forma responsable con el medio ambiente y con la sociedad. La empresa adopta pr\u00e1cticas de gesti\u00f3n sostenible, como el reaprovechamiento de residuos y la reducci\u00f3n del consumo de agua y energ\u00eda.[\/wgl_custom_text][wgl_spacing spacer_size=&#8221;60&#8243;][vc_column_text]Con una estructura moderna y eficiente, Evaristo Lima busca ofrecer a los clientes las mejores soluciones en materiales de construcci\u00f3n. La empresa posee una amplia red de distribuci\u00f3n, con tres tiendas en la isla de S\u00e3o Miguel (Ribeira Grande, Ponta Delgada y Capillas) y a partir de ahora est\u00e1 disponible para clientes en todo el pa\u00eds, a trav\u00e9s de su tienda online.<\/p>\n<p>En resumen, Evaristo Lima es una empresa que se destaca en el mercado de materiales de construcci\u00f3n por su experiencia, calidad de productos, precios competitivos, compromiso con la sostenibilidad y excelencia en el servicio al cliente. Si est\u00e1 planeando una obra o remodelaci\u00f3n, Evaristo Lima es la elecci\u00f3n correcta para garantizar el \u00e9xito de su proyecto.[\/vc_column_text][\/vc_column][\/vc_row][vc_row][vc_column][wgl_spacing spacer_size=&#8221;90&#8243;][\/vc_column][\/vc_row]\n","protected":false},"excerpt":{"rendered":"<p>[vc_row][vc_column offset=&#8221;vc_col-md-6&#8243; el_class=&#8221;site-sobre-nos-img-column&#8221;][wgl_image_layers values=&#8221;%5B%7B%22thumbnail%22%3A%222102%22%2C%22image_animation%22%3A%22slide_up%22%2C%22image_order%22%3A%221%22%7D%5D&#8221;][\/vc_column][vc_column offset=&#8221;vc_col-lg-offset-1 vc_col-lg-5 vc_col-md-6&#8243;][wgl_spacing spacer_size=&#8221;38&#8243;][wgl_double_headings title_color=&#8221;#313131&#8243; subtitle_color=&#8221;#2aabe2&#8243; title=&#8221;Evaristo Lima&#8221; subtitle=&#8221;Empresa&#8221;][wgl_spacing spacer_size=&#8221;22&#8243;][wgl_custom_text font_size=&#8221;18&#8243;]Evaristo Lima &#8211; Materiais de Constru\u00e7\u00e3o, Lda es una sociedad por cuotas con car\u00e1cter familiar que act\u00faa en el ramo de los materiales de construcci\u00f3n desde 1951, y tiene sede en la ciudad de Ribeira Grande, en la isla de S\u00e3o [&hellip;]<\/p>\n","protected":false},"author":1,"featured_media":2105,"parent":0,"menu_order":0,"comment_status":"closed","ping_status":"closed","template":"","meta":{"footnotes":""},"class_list":["post-1497","page","type-page","status-publish","has-post-thumbnail","hentry"],"acf":[],"yoast_head":"<!-- This site is optimized with the Yoast SEO plugin v20.0 - https:\/\/yoast.com\/wordpress\/plugins\/seo\/ -->\n<title>Los Materiales de Construcci\u00f3n m\u00e1s Cerca de Usted<\/title>\n<meta name=\"description\" content=\"Evaristo Lima se destaca en el mercado de materiales de construcci\u00f3n por la calidad de materiales de construcci\u00f3n ecol\u00f3gicos y mucho m\u00e1s.\" \/>\n<meta name=\"robots\" content=\"index, follow, max-snippet:-1, max-image-preview:large, max-video-preview:-1\" \/>\n<link rel=\"canonical\" href=\"https:\/\/evaristolima.pt\/es\/sobre-nosotros\/\" \/>\n<meta property=\"og:locale\" content=\"es_ES\" \/>\n<meta property=\"og:type\" content=\"article\" \/>\n<meta property=\"og:title\" content=\"Los Materiales de Construcci\u00f3n m\u00e1s Cerca de Usted\" \/>\n<meta property=\"og:description\" content=\"Evaristo Lima se destaca en el mercado de materiales de construcci\u00f3n por la calidad de materiales de construcci\u00f3n ecol\u00f3gicos y mucho m\u00e1s.\" \/>\n<meta property=\"og:url\" content=\"https:\/\/evaristolima.pt\/es\/sobre-nosotros\/\" \/>\n<meta property=\"og:site_name\" content=\"Evaristo Lima - Materiales de construcci\u00f3n en las Azores\" \/>\n<meta property=\"article:modified_time\" content=\"2023-05-30T16:08:35+00:00\" \/>\n<meta property=\"og:image\" content=\"https:\/\/evaristolima.pt\/wp-content\/uploads\/2023\/03\/tiler-working-renovation-apartment-scaled.jpg\" \/>\n\t<meta property=\"og:image:width\" content=\"2560\" \/>\n\t<meta property=\"og:image:height\" content=\"1707\" \/>\n\t<meta property=\"og:image:type\" content=\"image\/jpeg\" \/>\n<meta name=\"twitter:card\" content=\"summary_large_image\" \/>\n<meta name=\"twitter:label1\" content=\"Tiempo de lectura\" \/>\n\t<meta name=\"twitter:data1\" content=\"2 minutos\" \/>\n<script type=\"application\/ld+json\" class=\"yoast-schema-graph\">{\"@context\":\"https:\/\/schema.org\",\"@graph\":[{\"@type\":\"WebPage\",\"@id\":\"https:\/\/evaristolima.pt\/es\/sobre-nosotros\/\",\"url\":\"https:\/\/evaristolima.pt\/es\/sobre-nosotros\/\",\"name\":\"Los Materiales de Construcci\u00f3n m\u00e1s Cerca de Usted\",\"isPartOf\":{\"@id\":\"https:\/\/evaristolima.pt\/#website\"},\"datePublished\":\"2018-12-14T07:20:48+00:00\",\"dateModified\":\"2023-05-30T16:08:35+00:00\",\"description\":\"Evaristo Lima se destaca en el mercado de materiales de construcci\u00f3n por la calidad de materiales de construcci\u00f3n ecol\u00f3gicos y mucho m\u00e1s.\",\"breadcrumb\":{\"@id\":\"https:\/\/evaristolima.pt\/es\/sobre-nosotros\/#breadcrumb\"},\"inLanguage\":\"es\",\"potentialAction\":[{\"@type\":\"ReadAction\",\"target\":[\"https:\/\/evaristolima.pt\/es\/sobre-nosotros\/\"]}]},{\"@type\":\"BreadcrumbList\",\"@id\":\"https:\/\/evaristolima.pt\/es\/sobre-nosotros\/#breadcrumb\",\"itemListElement\":[{\"@type\":\"ListItem\",\"position\":1,\"name\":\"Home\",\"item\":\"https:\/\/evaristolima.pt\/es\/\"},{\"@type\":\"ListItem\",\"position\":2,\"name\":\"Sobre Nosotros\"}]},{\"@type\":\"WebSite\",\"@id\":\"https:\/\/evaristolima.pt\/#website\",\"url\":\"https:\/\/evaristolima.pt\/\",\"name\":\"Evaristo Lima - Materiales de construcci\u00f3n en las Azores\",\"description\":\"\",\"potentialAction\":[{\"@type\":\"SearchAction\",\"target\":{\"@type\":\"EntryPoint\",\"urlTemplate\":\"https:\/\/evaristolima.pt\/?s={search_term_string}\"},\"query-input\":\"required name=search_term_string\"}],\"inLanguage\":\"es\"}]}<\/script>\n<!-- \/ Yoast SEO plugin. -->","yoast_head_json":{"title":"Los Materiales de Construcci\u00f3n m\u00e1s Cerca de Usted","description":"Evaristo Lima se destaca en el mercado de materiales de construcci\u00f3n por la calidad de materiales de construcci\u00f3n ecol\u00f3gicos y mucho m\u00e1s.","robots":{"index":"index","follow":"follow","max-snippet":"max-snippet:-1","max-image-preview":"max-image-preview:large","max-video-preview":"max-video-preview:-1"},"canonical":"https:\/\/evaristolima.pt\/es\/sobre-nosotros\/","og_locale":"es_ES","og_type":"article","og_title":"Los Materiales de Construcci\u00f3n m\u00e1s Cerca de Usted","og_description":"Evaristo Lima se destaca en el mercado de materiales de construcci\u00f3n por la calidad de materiales de construcci\u00f3n ecol\u00f3gicos y mucho m\u00e1s.","og_url":"https:\/\/evaristolima.pt\/es\/sobre-nosotros\/","og_site_name":"Evaristo Lima - Materiales de construcci\u00f3n en las Azores","article_modified_time":"2023-05-30T16:08:35+00:00","og_image":[{"width":2560,"height":1707,"url":"https:\/\/evaristolima.pt\/wp-content\/uploads\/2023\/03\/tiler-working-renovation-apartment-scaled.jpg","type":"image\/jpeg"}],"twitter_card":"summary_large_image","twitter_misc":{"Tiempo de lectura":"2 minutos"},"schema":{"@context":"https:\/\/schema.org","@graph":[{"@type":"WebPage","@id":"https:\/\/evaristolima.pt\/es\/sobre-nosotros\/","url":"https:\/\/evaristolima.pt\/es\/sobre-nosotros\/","name":"Los Materiales de Construcci\u00f3n m\u00e1s Cerca de Usted","isPartOf":{"@id":"https:\/\/evaristolima.pt\/#website"},"datePublished":"2018-12-14T07:20:48+00:00","dateModified":"2023-05-30T16:08:35+00:00","description":"Evaristo Lima se destaca en el mercado de materiales de construcci\u00f3n por la calidad de materiales de construcci\u00f3n ecol\u00f3gicos y mucho m\u00e1s.","breadcrumb":{"@id":"https:\/\/evaristolima.pt\/es\/sobre-nosotros\/#breadcrumb"},"inLanguage":"es","potentialAction":[{"@type":"ReadAction","target":["https:\/\/evaristolima.pt\/es\/sobre-nosotros\/"]}]},{"@type":"BreadcrumbList","@id":"https:\/\/evaristolima.pt\/es\/sobre-nosotros\/#breadcrumb","itemListElement":[{"@type":"ListItem","position":1,"name":"Home","item":"https:\/\/evaristolima.pt\/es\/"},{"@type":"ListItem","position":2,"name":"Sobre Nosotros"}]},{"@type":"WebSite","@id":"https:\/\/evaristolima.pt\/#website","url":"https:\/\/evaristolima.pt\/","name":"Evaristo Lima - Materiales de construcci\u00f3n en las Azores","description":"","potentialAction":[{"@type":"SearchAction","target":{"@type":"EntryPoint","urlTemplate":"https:\/\/evaristolima.pt\/?s={search_term_string}"},"query-input":"required name=search_term_string"}],"inLanguage":"es"}]}},"_links":{"self":[{"href":"https:\/\/evaristolima.pt\/es\/wp-json\/wp\/v2\/pages\/1497","targetHints":{"allow":["GET"]}}],"collection":[{"href":"https:\/\/evaristolima.pt\/es\/wp-json\/wp\/v2\/pages"}],"about":[{"href":"https:\/\/evaristolima.pt\/es\/wp-json\/wp\/v2\/types\/page"}],"author":[{"embeddable":true,"href":"https:\/\/evaristolima.pt\/es\/wp-json\/wp\/v2\/users\/1"}],"replies":[{"embeddable":true,"href":"https:\/\/evaristolima.pt\/es\/wp-json\/wp\/v2\/comments?post=1497"}],"version-history":[{"count":13,"href":"https:\/\/evaristolima.pt\/es\/wp-json\/wp\/v2\/pages\/1497\/revisions"}],"predecessor-version":[{"id":3070,"href":"https:\/\/evaristolima.pt\/es\/wp-json\/wp\/v2\/pages\/1497\/revisions\/3070"}],"wp:featuredmedia":[{"embeddable":true,"href":"https:\/\/evaristolima.pt\/es\/wp-json\/wp\/v2\/media\/2105"}],"wp:attachment":[{"href":"https:\/\/evaristolima.pt\/es\/wp-json\/wp\/v2\/media?parent=1497"}],"curies":[{"name":"wp","href":"https:\/\/api.w.org\/{rel}","templated":true}]}}